{"id":877,"date":"2023-02-03T15:05:27","date_gmt":"2023-02-03T14:05:27","guid":{"rendered":"https:\/\/www.edelstahl-pool.at\/?page_id=877"},"modified":"2026-01-29T09:21:33","modified_gmt":"2026-01-29T08:21:33","slug":"warum-gassner","status":"publish","type":"page","link":"https:\/\/www.edelstahl-pool.at\/en\/warum-gassner\/","title":{"rendered":"Warum Gassner"},"content":{"rendered":"\t\t<div data-elementor-type=\"wp-page\" data-elementor-id=\"877\" class=\"elementor elementor-877\" data-elementor-post-type=\"page\">\n\t\t\t\t<div class=\"elementor-element elementor-element-a774dd6 e-con-full e-flex e-con e-parent\" data-id=\"a774dd6\" data-element_type=\"container\" data-e-type=\"container\" data-settings=\"{&quot;background_background&quot;:&quot;video&quot;,&quot;background_video_link&quot;:&quot;https:\\\/\\\/www.edelstahl-pool.at\\\/wp-content\\\/uploads\\\/2025\\\/09\\\/gassner-intro-video.mp4&quot;,&quot;background_play_on_mobile&quot;:&quot;yes&quot;}\">\n\t\t<div class=\"elementor-background-video-container\">\n\t\t\t\t\t\t\t<video class=\"elementor-background-video-hosted\" role=\"presentation\" autoplay muted playsinline loop><\/video>\n\t\t\t\t\t<\/div>\t\t<div class=\"elementor-element elementor-element-e05568a elementor-absolute elementor-widget elementor-widget-text-editor\" data-id=\"e05568a\" data-element_type=\"widget\" data-e-type=\"widget\" data-settings=\"{&quot;_position&quot;:&quot;absolute&quot;}\" data-widget_type=\"text-editor.default\">\n\t\t\t\t\t\t\t\t\t<pre style=\"font-weight: 400;\">\u00a9MW-ARCHITEKTURFOTOGRAFIE \/ Begr\u00fcnder<\/pre>\t\t\t\t\t\t\t\t<\/div>\n\t\t\t\t<\/div>\n\t\t<div class=\"elementor-element elementor-element-ca342f5 e-flex e-con-boxed e-con e-parent\" data-id=\"ca342f5\" data-element_type=\"container\" data-e-type=\"container\" data-settings=\"{&quot;background_background&quot;:&quot;classic&quot;}\">\n\t\t\t\t\t<div class=\"e-con-inner\">\n\t\t<div class=\"elementor-element elementor-element-a154e59 e-con-full e-flex e-con e-child\" data-id=\"a154e59\" data-element_type=\"container\" data-e-type=\"container\">\n\t\t\t\t<div class=\"elementor-element elementor-element-abb8308 elementor-widget elementor-widget-heading\" data-id=\"abb8308\" data-element_type=\"widget\" data-e-type=\"widget\" data-widget_type=\"heading.default\">\n\t\t\t\t\t<h3 class=\"elementor-heading-title elementor-size-default\">Arrive.<br>\nRelax. <br>\nFeel good.<\/h3>\t\t\t\t<\/div>\n\t\t<div class=\"elementor-element elementor-element-e74d19c e-con-full e-flex e-con e-child\" data-id=\"e74d19c\" data-element_type=\"container\" data-e-type=\"container\">\n\t\t\t\t<div class=\"elementor-element elementor-element-e844ab9 elementor-widget elementor-widget-heading\" data-id=\"e844ab9\" data-element_type=\"widget\" data-e-type=\"widget\" data-widget_type=\"heading.default\">\n\t\t\t\t\t<h3 class=\"elementor-heading-title elementor-size-default\">Who is behind this?<\/h3>\t\t\t\t<\/div>\n\t\t\t\t<div class=\"elementor-element elementor-element-a8688d2 elementor-widget elementor-widget-text-editor\" data-id=\"a8688d2\" data-element_type=\"widget\" data-e-type=\"widget\" data-widget_type=\"text-editor.default\">\n\t\t\t\t\t\t\t\t\t<p>High-end design, sustainable technology, and timeless aesthetics.<\/p><p>We stand for decades of expertise, highly qualified specialists, and genuine craftsmanship. With passion and precision, we create individual solutions from high-quality, sustainable raw materials\u2014custom-made stainless steel pools that are renowned worldwide for their timeless elegance and unmatched quality.<\/p><p>As a full-service provider, we combine innovation and sustainability to create unique concepts that perfectly blend design, function, and technology. Our projects are Made in Austria and embody high-end standards, exclusive forms, and energy-efficient systems with a sustainable impact.<\/p><p>Each pool is created in accordance with the wishes and needs of our customers\u2014an aesthetic masterpiece of incomparable workmanship, characterized by a breathtaking interplay of material and design. Crystal-clear water, intelligent, energy-conscious solutions, and a distinctive unique selling point make every GASSNER pool a first-class experience.<\/p><p>Our promise: We create more than just pools. We create inspiration \u2013 exclusive, consistent, and uncompromisingly at the highest level.<\/p>\t\t\t\t\t\t\t\t<\/div>\n\t\t\t\t<\/div>\n\t\t\t\t<\/div>\n\t\t\t\t\t<\/div>\n\t\t\t\t<\/div>\n\t\t<div class=\"elementor-element elementor-element-7801fa3 e-flex e-con-boxed e-con e-parent\" data-id=\"7801fa3\" data-element_type=\"container\" data-e-type=\"container\">\n\t\t\t\t\t<div class=\"e-con-inner\">\n\t\t<div class=\"elementor-element elementor-element-09ef85e e-flex e-con-boxed e-con e-child\" data-id=\"09ef85e\" data-element_type=\"container\" data-e-type=\"container\">\n\t\t\t\t\t<div class=\"e-con-inner\">\n\t\t\t\t<div class=\"elementor-element elementor-element-4954bca elementor-widget elementor-widget-heading\" data-id=\"4954bca\" data-element_type=\"widget\" data-e-type=\"widget\" data-widget_type=\"heading.default\">\n\t\t\t\t\t<h1 class=\"elementor-heading-title elementor-size-default\"><sub>Team<\/sub>Pool.<\/h1>\t\t\t\t<\/div>\n\t\t\t\t\t<\/div>\n\t\t\t\t<\/div>\n\t\t\t\t\t<\/div>\n\t\t\t\t<\/div>\n\t\t<div class=\"elementor-element elementor-element-d81fe82 e-flex e-con-boxed e-con e-parent\" data-id=\"d81fe82\" data-element_type=\"container\" data-e-type=\"container\">\n\t\t\t\t\t<div class=\"e-con-inner\">\n\t\t<div class=\"elementor-element elementor-element-15c0949 e-grid e-con-full e-con e-child\" data-id=\"15c0949\" data-element_type=\"container\" data-e-type=\"container\">\n\t\t<div class=\"elementor-element elementor-element-f196713 e-con-full e-flex e-con e-child\" data-id=\"f196713\" data-element_type=\"container\" data-e-type=\"container\">\n\t\t\t\t<div class=\"elementor-element elementor-element-3c3b396 elementor-widget elementor-widget-heading\" data-id=\"3c3b396\" data-element_type=\"widget\" data-e-type=\"widget\" data-widget_type=\"heading.default\">\n\t\t\t\t\t<h3 class=\"elementor-heading-title elementor-size-default\">Stefan<br>\nEttinger<\/h3>\t\t\t\t<\/div>\n\t\t\t\t<div class=\"elementor-element elementor-element-08d6cd8 elementor-widget elementor-widget-text-editor\" data-id=\"08d6cd8\" data-element_type=\"widget\" data-e-type=\"widget\" data-widget_type=\"text-editor.default\">\n\t\t\t\t\t\t\t\t\t<p class=\"p1\">Management<\/p>\t\t\t\t\t\t\t\t<\/div>\n\t\t\t\t<\/div>\n\t\t<div class=\"elementor-element elementor-element-736a779 e-con-full e-flex e-con e-child\" data-id=\"736a779\" data-element_type=\"container\" data-e-type=\"container\">\n\t\t\t\t<div class=\"elementor-element elementor-element-0a17398 elementor-widget elementor-widget-heading\" data-id=\"0a17398\" data-element_type=\"widget\" data-e-type=\"widget\" data-widget_type=\"heading.default\">\n\t\t\t\t\t<h3 class=\"elementor-heading-title elementor-size-default\">Joanna<br>\nSteinecker<\/h3>\t\t\t\t<\/div>\n\t\t\t\t<div class=\"elementor-element elementor-element-1a7cc63 elementor-widget elementor-widget-text-editor\" data-id=\"1a7cc63\" data-element_type=\"widget\" data-e-type=\"widget\" data-widget_type=\"text-editor.default\">\n\t\t\t\t\t\t\t\t\t<p class=\"p1\">Head of Finance<\/p>\t\t\t\t\t\t\t\t<\/div>\n\t\t\t\t<\/div>\n\t\t<div class=\"elementor-element elementor-element-0251bd1 e-con-full e-flex e-con e-child\" data-id=\"0251bd1\" data-element_type=\"container\" data-e-type=\"container\">\n\t\t\t\t<div class=\"elementor-element elementor-element-c06b145 elementor-widget elementor-widget-heading\" data-id=\"c06b145\" data-element_type=\"widget\" data-e-type=\"widget\" data-widget_type=\"heading.default\">\n\t\t\t\t\t<h3 class=\"elementor-heading-title elementor-size-default\">Markus<br>\nHildner<\/h3>\t\t\t\t<\/div>\n\t\t\t\t<div class=\"elementor-element elementor-element-48f416c elementor-widget elementor-widget-text-editor\" data-id=\"48f416c\" data-element_type=\"widget\" data-e-type=\"widget\" data-widget_type=\"text-editor.default\">\n\t\t\t\t\t\t\t\t\t<p class=\"p1\">Head of Sales<\/p>\t\t\t\t\t\t\t\t<\/div>\n\t\t\t\t<\/div>\n\t\t<div class=\"elementor-element elementor-element-0197ddb e-con-full e-flex e-con e-child\" data-id=\"0197ddb\" data-element_type=\"container\" data-e-type=\"container\">\n\t\t\t\t<div class=\"elementor-element elementor-element-1c09f31 elementor-widget elementor-widget-heading\" data-id=\"1c09f31\" data-element_type=\"widget\" data-e-type=\"widget\" data-widget_type=\"heading.default\">\n\t\t\t\t\t<h3 class=\"elementor-heading-title elementor-size-default\">Marc<br>\nLandsch\u00fctzer<\/h3>\t\t\t\t<\/div>\n\t\t\t\t<div class=\"elementor-element elementor-element-d564a4b elementor-widget elementor-widget-text-editor\" data-id=\"d564a4b\" data-element_type=\"widget\" data-e-type=\"widget\" data-widget_type=\"text-editor.default\">\n\t\t\t\t\t\t\t\t\t<p class=\"p1\">Head of Swimming Pool Technology<\/p>\t\t\t\t\t\t\t\t<\/div>\n\t\t\t\t<\/div>\n\t\t<div class=\"elementor-element elementor-element-453d445 e-con-full e-flex e-con e-child\" data-id=\"453d445\" data-element_type=\"container\" data-e-type=\"container\">\n\t\t\t\t<div class=\"elementor-element elementor-element-89ba6c2 elementor-widget elementor-widget-heading\" data-id=\"89ba6c2\" data-element_type=\"widget\" data-e-type=\"widget\" data-widget_type=\"heading.default\">\n\t\t\t\t\t<h3 class=\"elementor-heading-title elementor-size-default\">Philipp<br>\nEsletzbichler<\/h3>\t\t\t\t<\/div>\n\t\t\t\t<div class=\"elementor-element elementor-element-ecee117 elementor-widget elementor-widget-text-editor\" data-id=\"ecee117\" data-element_type=\"widget\" data-e-type=\"widget\" data-widget_type=\"text-editor.default\">\n\t\t\t\t\t\t\t\t\t<p class=\"p1\">Head of Production<\/p>\t\t\t\t\t\t\t\t<\/div>\n\t\t\t\t<\/div>\n\t\t\t\t<\/div>\n\t\t\t\t\t<\/div>\n\t\t\t\t<\/div>\n\t\t\t\t<\/div>\n\t\t","protected":false},"excerpt":{"rendered":"<p>\u00a9MW-ARCHITEKTURFOTOGRAFIE \/ Begr\u00fcnder Arrive. Relax. Feel good. Who is behind this? High-end design, sustainable technology, and timeless aesthetics. We stand for decades of expertise, highly qualified specialists, and genuine craftsmanship. With passion and precision, we create individual solutions from high-quality, sustainable raw materials\u2014custom-made stainless steel pools that are renowned worldwide for their timeless elegance and [&hellip;]<\/p>\n","protected":false},"author":4,"featured_media":0,"parent":0,"menu_order":0,"comment_status":"closed","ping_status":"closed","template":"","meta":{"_acf_changed":false,"footnotes":""},"class_list":["post-877","page","type-page","status-publish","hentry"],"acf":[],"yoast_head":"<!-- This site is optimized with the Yoast SEO plugin v27.3 - https:\/\/yoast.com\/product\/yoast-seo-wordpress\/ -->\n<title>Gassner: Ihr Poolbauer aus Ober\u00f6sterreich<\/title>\n<meta name=\"description\" content=\"Seit \u00fcber 50 Jahren steht das Unternehmen Gassner f\u00fcr hochwertige L\u00f6sungen im Bereich Edelstahlpools. Das spricht f\u00fcr Ihren Poolbauer.\" \/>\n<meta name=\"robots\" content=\"noindex, follow, max-snippet:-1, max-image-preview:large, max-video-preview:-1\" \/>\n<meta property=\"og:locale\" content=\"de_DE\" \/>\n<meta property=\"og:type\" content=\"article\" \/>\n<meta property=\"og:title\" content=\"Gassner: Ihr Poolbauer aus Ober\u00f6sterreich\" \/>\n<meta property=\"og:description\" content=\"Seit \u00fcber 50 Jahren steht das Unternehmen Gassner f\u00fcr hochwertige L\u00f6sungen im Bereich Edelstahlpools. Das spricht f\u00fcr Ihren Poolbauer.\" \/>\n<meta property=\"og:url\" content=\"https:\/\/www.edelstahl-pool.at\/en\/warum-gassner\/\" \/>\n<meta property=\"og:site_name\" content=\"EN Gassner Pool\" \/>\n<meta property=\"article:modified_time\" content=\"2026-01-29T08:21:33+00:00\" \/>\n<meta name=\"twitter:card\" content=\"summary_large_image\" \/>\n<meta name=\"twitter:label1\" content=\"Gesch\u00e4tzte Lesezeit\" \/>\n\t<meta name=\"twitter:data1\" content=\"2\u00a0Minuten\" \/>\n<script type=\"application\/ld+json\" class=\"yoast-schema-graph\">{\"@context\":\"https:\\\/\\\/schema.org\",\"@graph\":[{\"@type\":\"WebPage\",\"@id\":\"https:\\\/\\\/www.edelstahl-pool.at\\\/en\\\/warum-gassner\\\/\",\"url\":\"https:\\\/\\\/www.edelstahl-pool.at\\\/en\\\/warum-gassner\\\/\",\"name\":\"Gassner: Ihr Poolbauer aus Ober\u00f6sterreich\",\"isPartOf\":{\"@id\":\"https:\\\/\\\/www.edelstahl-pool.at\\\/en\\\/#website\"},\"datePublished\":\"2023-02-03T14:05:27+00:00\",\"dateModified\":\"2026-01-29T08:21:33+00:00\",\"description\":\"Seit \u00fcber 50 Jahren steht das Unternehmen Gassner f\u00fcr hochwertige L\u00f6sungen im Bereich Edelstahlpools. Das spricht f\u00fcr Ihren Poolbauer.\",\"breadcrumb\":{\"@id\":\"https:\\\/\\\/www.edelstahl-pool.at\\\/en\\\/warum-gassner\\\/#breadcrumb\"},\"inLanguage\":\"de\",\"potentialAction\":[{\"@type\":\"ReadAction\",\"target\":[\"https:\\\/\\\/www.edelstahl-pool.at\\\/en\\\/warum-gassner\\\/\"]}]},{\"@type\":\"BreadcrumbList\",\"@id\":\"https:\\\/\\\/www.edelstahl-pool.at\\\/en\\\/warum-gassner\\\/#breadcrumb\",\"itemListElement\":[{\"@type\":\"ListItem\",\"position\":1,\"name\":\"Startseite\",\"item\":\"https:\\\/\\\/www.edelstahl-pool.at\\\/en\\\/\"},{\"@type\":\"ListItem\",\"position\":2,\"name\":\"Warum Gassner\"}]},{\"@type\":\"WebSite\",\"@id\":\"https:\\\/\\\/www.edelstahl-pool.at\\\/en\\\/#website\",\"url\":\"https:\\\/\\\/www.edelstahl-pool.at\\\/en\\\/\",\"name\":\"EN Gassner Pool\",\"description\":\"Edelstahlpools\",\"publisher\":{\"@id\":\"https:\\\/\\\/www.edelstahl-pool.at\\\/en\\\/#organization\"},\"potentialAction\":[{\"@type\":\"SearchAction\",\"target\":{\"@type\":\"EntryPoint\",\"urlTemplate\":\"https:\\\/\\\/www.edelstahl-pool.at\\\/en\\\/?s={search_term_string}\"},\"query-input\":{\"@type\":\"PropertyValueSpecification\",\"valueRequired\":true,\"valueName\":\"search_term_string\"}}],\"inLanguage\":\"de\"},{\"@type\":\"Organization\",\"@id\":\"https:\\\/\\\/www.edelstahl-pool.at\\\/en\\\/#organization\",\"name\":\"EN Gassner Pool\",\"url\":\"https:\\\/\\\/www.edelstahl-pool.at\\\/en\\\/\",\"logo\":{\"@type\":\"ImageObject\",\"inLanguage\":\"de\",\"@id\":\"https:\\\/\\\/www.edelstahl-pool.at\\\/en\\\/#\\\/schema\\\/logo\\\/image\\\/\",\"url\":\"https:\\\/\\\/www.edelstahl-pool.at\\\/en\\\/wp-content\\\/uploads\\\/sites\\\/3\\\/2020\\\/09\\\/GASSNER-LOGO-4c.png\",\"contentUrl\":\"https:\\\/\\\/www.edelstahl-pool.at\\\/en\\\/wp-content\\\/uploads\\\/sites\\\/3\\\/2020\\\/09\\\/GASSNER-LOGO-4c.png\",\"width\":1654,\"height\":490,\"caption\":\"EN Gassner Pool\"},\"image\":{\"@id\":\"https:\\\/\\\/www.edelstahl-pool.at\\\/en\\\/#\\\/schema\\\/logo\\\/image\\\/\"}}]}<\/script>\n<!-- \/ Yoast SEO plugin. -->","yoast_head_json":{"title":"Gassner: Ihr Poolbauer aus Ober\u00f6sterreich","description":"Seit \u00fcber 50 Jahren steht das Unternehmen Gassner f\u00fcr hochwertige L\u00f6sungen im Bereich Edelstahlpools. Das spricht f\u00fcr Ihren Poolbauer.","robots":{"index":"noindex","follow":"follow","max-snippet":"max-snippet:-1","max-image-preview":"max-image-preview:large","max-video-preview":"max-video-preview:-1"},"og_locale":"de_DE","og_type":"article","og_title":"Gassner: Ihr Poolbauer aus Ober\u00f6sterreich","og_description":"Seit \u00fcber 50 Jahren steht das Unternehmen Gassner f\u00fcr hochwertige L\u00f6sungen im Bereich Edelstahlpools. Das spricht f\u00fcr Ihren Poolbauer.","og_url":"https:\/\/www.edelstahl-pool.at\/en\/warum-gassner\/","og_site_name":"EN Gassner Pool","article_modified_time":"2026-01-29T08:21:33+00:00","twitter_card":"summary_large_image","twitter_misc":{"Gesch\u00e4tzte Lesezeit":"2\u00a0Minuten"},"schema":{"@context":"https:\/\/schema.org","@graph":[{"@type":"WebPage","@id":"https:\/\/www.edelstahl-pool.at\/en\/warum-gassner\/","url":"https:\/\/www.edelstahl-pool.at\/en\/warum-gassner\/","name":"Gassner: Ihr Poolbauer aus Ober\u00f6sterreich","isPartOf":{"@id":"https:\/\/www.edelstahl-pool.at\/en\/#website"},"datePublished":"2023-02-03T14:05:27+00:00","dateModified":"2026-01-29T08:21:33+00:00","description":"Seit \u00fcber 50 Jahren steht das Unternehmen Gassner f\u00fcr hochwertige L\u00f6sungen im Bereich Edelstahlpools. Das spricht f\u00fcr Ihren Poolbauer.","breadcrumb":{"@id":"https:\/\/www.edelstahl-pool.at\/en\/warum-gassner\/#breadcrumb"},"inLanguage":"de","potentialAction":[{"@type":"ReadAction","target":["https:\/\/www.edelstahl-pool.at\/en\/warum-gassner\/"]}]},{"@type":"BreadcrumbList","@id":"https:\/\/www.edelstahl-pool.at\/en\/warum-gassner\/#breadcrumb","itemListElement":[{"@type":"ListItem","position":1,"name":"Startseite","item":"https:\/\/www.edelstahl-pool.at\/en\/"},{"@type":"ListItem","position":2,"name":"Warum Gassner"}]},{"@type":"WebSite","@id":"https:\/\/www.edelstahl-pool.at\/en\/#website","url":"https:\/\/www.edelstahl-pool.at\/en\/","name":"EN Gassner Pool","description":"Edelstahlpools","publisher":{"@id":"https:\/\/www.edelstahl-pool.at\/en\/#organization"},"potentialAction":[{"@type":"SearchAction","target":{"@type":"EntryPoint","urlTemplate":"https:\/\/www.edelstahl-pool.at\/en\/?s={search_term_string}"},"query-input":{"@type":"PropertyValueSpecification","valueRequired":true,"valueName":"search_term_string"}}],"inLanguage":"de"},{"@type":"Organization","@id":"https:\/\/www.edelstahl-pool.at\/en\/#organization","name":"EN Gassner Pool","url":"https:\/\/www.edelstahl-pool.at\/en\/","logo":{"@type":"ImageObject","inLanguage":"de","@id":"https:\/\/www.edelstahl-pool.at\/en\/#\/schema\/logo\/image\/","url":"https:\/\/www.edelstahl-pool.at\/en\/wp-content\/uploads\/sites\/3\/2020\/09\/GASSNER-LOGO-4c.png","contentUrl":"https:\/\/www.edelstahl-pool.at\/en\/wp-content\/uploads\/sites\/3\/2020\/09\/GASSNER-LOGO-4c.png","width":1654,"height":490,"caption":"EN Gassner Pool"},"image":{"@id":"https:\/\/www.edelstahl-pool.at\/en\/#\/schema\/logo\/image\/"}}]}},"_links":{"self":[{"href":"https:\/\/www.edelstahl-pool.at\/en\/wp-json\/wp\/v2\/pages\/877","targetHints":{"allow":["GET"]}}],"collection":[{"href":"https:\/\/www.edelstahl-pool.at\/en\/wp-json\/wp\/v2\/pages"}],"about":[{"href":"https:\/\/www.edelstahl-pool.at\/en\/wp-json\/wp\/v2\/types\/page"}],"author":[{"embeddable":true,"href":"https:\/\/www.edelstahl-pool.at\/en\/wp-json\/wp\/v2\/users\/4"}],"replies":[{"embeddable":true,"href":"https:\/\/www.edelstahl-pool.at\/en\/wp-json\/wp\/v2\/comments?post=877"}],"version-history":[{"count":7,"href":"https:\/\/www.edelstahl-pool.at\/en\/wp-json\/wp\/v2\/pages\/877\/revisions"}],"predecessor-version":[{"id":7005,"href":"https:\/\/www.edelstahl-pool.at\/en\/wp-json\/wp\/v2\/pages\/877\/revisions\/7005"}],"wp:attachment":[{"href":"https:\/\/www.edelstahl-pool.at\/en\/wp-json\/wp\/v2\/media?parent=877"}],"curies":[{"name":"wp","href":"https:\/\/api.w.org\/{rel}","templated":true}]}}